{"id":101318,"date":"2021-11-08T13:48:59","date_gmt":"2021-11-08T12:48:59","guid":{"rendered":"https:\/\/www.cleverhorseclip.com\/?page_id=101318"},"modified":"2023-04-12T11:20:25","modified_gmt":"2023-04-12T09:20:25","slug":"agb","status":"publish","type":"page","link":"https:\/\/www.cleverhorseclip.com\/de\/agb\/","title":{"rendered":"Allgemeine Gesch\u00e4ftsbedingungen"},"content":{"rendered":"<div class=\"wpb-content-wrapper\"><p>[vc_row][vc_column width=&#8220;1\/1&#8243;][vc_column_text uncode_shortcode_id=&#8220;146230&#8243;]<strong>Geltungsbereich<\/strong><\/p>\n<p>(1) Die nachangef\u00fchrten Allgemeinen Gesch\u00e4ftsbedingungen gelten f\u00fcr alle Lieferungen zwischen uns und einem Verbraucher. Das in ihrer zum Zeitpunkt der Bestellung g\u00fcltigen Fassung.<\/p>\n<p>(2) Als \u201eVerbraucher\u201c im Sinne unserer Gesch\u00e4ftsbedingungen gilt jede nat\u00fcrliche Person, die ein Rechtsgesch\u00e4ft zu einem Zweck abschlie\u00dft, der weder ihrer gewerblichen noch ihrer selbst\u00e4ndigen beruflichen T\u00e4tigkeit zugerechnet werden kann.<\/p>\n<p><strong>Lieferung und Versandkosten<\/strong><\/p>\n<p>Die von uns verrechneten Versandkosten k\u00f6nnen Sie Ihrer jeweiligen Bestellung im Warenkorb entnehmen, diese richten sich nach Gr\u00f6\u00dfe und Gewicht eines Paketes und dem Bestimmungsort.<\/p>\n<p>Ab einer Bestellmenge von 5 (f\u00fcnf) Clips \u00fcbernehmen wir die daf\u00fcr anfallenden Versandkosten.<\/p>\n<p>Bei Lieferungen in L\u00e4nder au\u00dferhalb der Europ\u00e4ischen Union, sind allenfalls anfallende Steuern und Z\u00f6lle vom Besteller zu \u00fcbernehmen. Diese, wie auch die Versandkosten k\u00f6nnen nicht r\u00fcckerstattet werden.<\/p>\n<p>Bestellte\u00a0 und bezahlte Ware wird in der Regel binnen 2 Werktagen von uns in den Versand gegeben.<br \/>\n.<\/p>\n<p><strong>Zustandekommen des Kaufvertrags<\/strong><\/p>\n<p>Der Kaufvertrag kommt mit Abschluss Ihrer Bestellung und erfolgten Zahlung der bestellten Ware zu Stande. Die dazugeh\u00f6rige Rechnung wird automatisch per email \u00fcbermittelt.<\/p>\n<p><strong>Widerrufsrecht<\/strong><\/p>\n<p>Sie haben das Recht, innerhalb von 30 (drei\u00dfig) Tagen ohne Angabe von Gr\u00fcnden diesen Vertrag zu widerrufen.<\/p>\n<p>Die Widerrufsfrist von30 (drei\u00dfig) Tagen beginnt ab dem Tag zu laufen, ab dem Sie oder ein von Ihnen benannter Dritter die bestellte Ware \u00fcbernommen haben.<\/p>\n<p>Zur Aus\u00fcbung Ihres Widerrufsrechtes haben Sie uns (Clever Horse Clip GmbH, Siegfried-Markus-Stra\u00dfe 20, 5020 Salzburg, \u00d6sterreich, E-Mail: <a href=\"mailto:widerruf@cleverhorseclip.com\">widerruf@cleverhorseclip.com<\/a>) per Post oder email mit eindeutiger Erkl\u00e4rung Ihre Entscheidung diesen Vertrag widerrufen zu wollen zu informieren. Die Widerrufsfrist ist gewahrt, wenn Sie innerhalb der Frist Ihre Mitteilung abschicken.<\/p>\n<p>&nbsp;<\/p>\n<p><strong>Folgen des Widerrufs<\/strong><\/p>\n<p>Bei fristgerechtem Widerruf bekommen Sie die den Widerruf umfassenden Zahlungen, die Sie an uns geleistet haben, vollst\u00e4ndig zur\u00fcck, das binnen 14 Tagen. Die Zahlung erfolgt auf ein von Ihnen im Widerruf angef\u00fchrtes Konto.<\/p>\n<p>Sie haben uns l\u00e4ngstens binnen vierzehn Tagen, gerechnet ab dem Tag Ihres Widerrufes, die Ware zur\u00fcckzusenden oder zu \u00fcbergeben. Wir k\u00f6nnen die R\u00fcckzahlung solange verweigern, bis wir die Ware von Ihnen zur\u00fcckerhalten haben.<\/p>\n<p>Eine R\u00fccksendung hat ausschlie\u00dflich an unsere Postanschrift Clever Horse Clip GmbH, Siegfried-Markus-Stra\u00dfe 20, 5020 Salzburg, zu erfolgen.<\/p>\n<p>Besch\u00e4digte Ware sind wir nicht verpflichtet zur\u00fcckzunehmen, au\u00dfer die Besch\u00e4digung lag schon bei Ihrer \u00dcbernahme vor.<\/p>\n<p><strong>Haftungsausschluss f\u00fcr fremde Links<\/strong><\/p>\n<p>Auf unserer Homepage k\u00f6nnen auch Links zu anderen Seiten aufscheinen. Wir haben keinerlei Einflu\u00df auf Inhalte dieser Seiten, weshalb wir uns von den Inhalten verlinkter Seiten distanzieren und diese uns auch nicht zu eigen machen.<\/p>\n<p><strong>Bildrechte<\/strong><\/p>\n<p>S\u00e4mtliche Bildrechte liegen bei uns oder unseren Partnern. Ohne unsere ausdr\u00fcckliche Zustimmung ist eine Verwendung durch Dritte nicht gestattet. Bei Zuwiderhandeln halten wir uns allf\u00e4llige rechtliche Schritte ausdr\u00fccklich vor.<\/p>\n<p><strong>Angaben zur Online-Streitbeilegung<br \/>\n<\/strong>F\u00fcr Verbraucher besteht die M\u00f6glichkeit, Beschwerden an die Online-Streitbeilegung der EU zu richten <a href=\"https:\/\/ec.europa.eu\/consumers\/odr\/main\/index.cfm?event=main.home2.show&amp;lng=DE\" target=\"_blank\" rel=\"noopener\">(https:\/\/ec.europa.eu\/odr)<\/a>.[\/vc_column_text][\/vc_column][\/vc_row]<\/p>\n<\/div>","protected":false},"excerpt":{"rendered":"<p>[vc_row][vc_column width=&#8220;1\/1&#8243;][vc_column_text uncode_shortcode_id=&#8220;146230&#8243;]Geltungsbereich (1) Die nachangef\u00fchrten Allgemeinen Gesch\u00e4ftsbedingungen gelten f\u00fcr alle Lieferungen zwischen uns und einem Verbraucher. Das in ihrer [&hellip;]<\/p>\n","protected":false},"author":1,"featured_media":101527,"parent":0,"menu_order":0,"comment_status":"closed","ping_status":"closed","template":"","meta":{"footnotes":""},"class_list":["post-101318","page","type-page","status-publish","has-post-thumbnail","hentry"],"_links":{"self":[{"href":"https:\/\/www.cleverhorseclip.com\/de\/wp-json\/wp\/v2\/pages\/101318","targetHints":{"allow":["GET"]}}],"collection":[{"href":"https:\/\/www.cleverhorseclip.com\/de\/wp-json\/wp\/v2\/pages"}],"about":[{"href":"https:\/\/www.cleverhorseclip.com\/de\/wp-json\/wp\/v2\/types\/page"}],"author":[{"embeddable":true,"href":"https:\/\/www.cleverhorseclip.com\/de\/wp-json\/wp\/v2\/users\/1"}],"replies":[{"embeddable":true,"href":"https:\/\/www.cleverhorseclip.com\/de\/wp-json\/wp\/v2\/comments?post=101318"}],"version-history":[{"count":8,"href":"https:\/\/www.cleverhorseclip.com\/de\/wp-json\/wp\/v2\/pages\/101318\/revisions"}],"predecessor-version":[{"id":102243,"href":"https:\/\/www.cleverhorseclip.com\/de\/wp-json\/wp\/v2\/pages\/101318\/revisions\/102243"}],"wp:featuredmedia":[{"embeddable":true,"href":"https:\/\/www.cleverhorseclip.com\/de\/wp-json\/wp\/v2\/media\/101527"}],"wp:attachment":[{"href":"https:\/\/www.cleverhorseclip.com\/de\/wp-json\/wp\/v2\/media?parent=101318"}],"curies":[{"name":"wp","href":"https:\/\/api.w.org\/{rel}","templated":true}]}}