{"id":3393,"date":"2014-12-11T13:48:36","date_gmt":"2014-12-11T12:48:36","guid":{"rendered":"https:\/\/undsgn.com\/uncode\/?page_id=3393"},"modified":"2021-12-09T08:30:56","modified_gmt":"2021-12-09T07:30:56","slug":"ueber-uns","status":"publish","type":"page","link":"https:\/\/www.cleverhorseclip.com\/de\/ueber-uns\/","title":{"rendered":"Mag. Konrad Winkler"},"content":{"rendered":"<div class=\"wpb-content-wrapper\"><p>[vc_row unlock_row_content=&#8220;yes&#8220; row_height_percent=&#8220;100&#8243; override_padding=&#8220;yes&#8220; h_padding=&#8220;0&#8243; top_padding=&#8220;0&#8243; bottom_padding=&#8220;0&#8243; back_color=&#8220;color-194753&#8243; overlay_alpha=&#8220;50&#8243; equal_height=&#8220;yes&#8220; gutter_size=&#8220;3&#8243; column_width_percent=&#8220;100&#8243; shift_y=&#8220;0&#8243; z_index=&#8220;0&#8243; uncode_shortcode_id=&#8220;300915&#8243; back_color_type=&#8220;uncode-palette&#8220;][vc_column column_width_percent=&#8220;100&#8243; gutter_size=&#8220;3&#8243; expand_height=&#8220;yes&#8220; style=&#8220;dark&#8220; overlay_alpha=&#8220;50&#8243; shift_x=&#8220;0&#8243; shift_y=&#8220;0&#8243; z_index=&#8220;0&#8243; medium_width=&#8220;0&#8243; width=&#8220;1\/1&#8243;][vc_row_inner row_inner_height_percent=&#8220;0&#8243; overlay_alpha=&#8220;50&#8243; equal_height=&#8220;yes&#8220; gutter_size=&#8220;0&#8243; shift_y=&#8220;0&#8243; limit_content=&#8220;&#8220;][vc_column_inner column_width_use_pixel=&#8220;yes&#8220; gutter_size=&#8220;3&#8243; expand_height=&#8220;yes&#8220; back_image=&#8220;101523&#8243; overlay_alpha=&#8220;50&#8243; shift_x=&#8220;0&#8243; shift_y=&#8220;0&#8243; shift_y_down=&#8220;0&#8243; z_index=&#8220;0&#8243; medium_width=&#8220;0&#8243; mobile_width=&#8220;0&#8243; width=&#8220;1\/2&#8243; mobile_height=&#8220;300&#8243; uncode_shortcode_id=&#8220;203220&#8243;][\/vc_column_inner][vc_column_inner column_width_percent=&#8220;65&#8243; position_vertical=&#8220;middle&#8220; gutter_size=&#8220;3&#8243; override_padding=&#8220;yes&#8220; column_padding=&#8220;3&#8243; style=&#8220;dark&#8220; overlay_alpha=&#8220;50&#8243; shift_x=&#8220;0&#8243; shift_y=&#8220;0&#8243; shift_y_down=&#8220;0&#8243; z_index=&#8220;0&#8243; medium_width=&#8220;0&#8243; mobile_width=&#8220;0&#8243; width=&#8220;1\/2&#8243; uncode_shortcode_id=&#8220;848934&#8243;][vc_custom_heading heading_semantic=&#8220;h1&#8243; text_font=&#8220;font-136269&#8243; text_size=&#8220;fontsize-155944&#8243; text_weight=&#8220;500&#8243; text_align=&#8220;text-left&#8220; uncode_shortcode_id=&#8220;434176&#8243;]Der Entwickler<br \/>\nMag. Konrad Winkler[\/vc_custom_heading][vc_column_text uncode_shortcode_id=&#8220;292472&#8243;]Aus leidvoller eigener Erfahrung war es mir ein Anliegen ein Verschlusssystem zu entwickeln, das sich selbstst\u00e4ndig vom Pferd l\u00f6st noch bevor Halfter oder Strick rei\u00dfen, da dann die Krafteinwirkung auf das Pferd meist so gro\u00df ist, dass Verletzungen damit einhergehen.[\/vc_column_text][vc_single_image media=&#8220;101445&#8243; media_width_use_pixel=&#8220;yes&#8220; media_width_pixel=&#8220;250&#8243; uncode_shortcode_id=&#8220;190211&#8243;][\/vc_column_inner][\/vc_row_inner][\/vc_column][\/vc_row]<\/p>\n<\/div>","protected":false},"excerpt":{"rendered":"<p>[vc_row unlock_row_content=&#8220;yes&#8220; row_height_percent=&#8220;100&#8243; override_padding=&#8220;yes&#8220; h_padding=&#8220;0&#8243; top_padding=&#8220;0&#8243; bottom_padding=&#8220;0&#8243; back_color=&#8220;color-194753&#8243; overlay_alpha=&#8220;50&#8243; equal_height=&#8220;yes&#8220; gutter_size=&#8220;3&#8243; column_width_percent=&#8220;100&#8243; shift_y=&#8220;0&#8243; z_index=&#8220;0&#8243; uncode_shortcode_id=&#8220;300915&#8243; back_color_type=&#8220;uncode-palette&#8220;][vc_column column_width_percent=&#8220;100&#8243; gutter_size=&#8220;3&#8243; expand_height=&#8220;yes&#8220; style=&#8220;dark&#8220; [&hellip;]<\/p>\n","protected":false},"author":1,"featured_media":0,"parent":0,"menu_order":0,"comment_status":"open","ping_status":"closed","template":"","meta":{"footnotes":""},"class_list":["post-3393","page","type-page","status-publish","hentry"],"_links":{"self":[{"href":"https:\/\/www.cleverhorseclip.com\/de\/wp-json\/wp\/v2\/pages\/3393","targetHints":{"allow":["GET"]}}],"collection":[{"href":"https:\/\/www.cleverhorseclip.com\/de\/wp-json\/wp\/v2\/pages"}],"about":[{"href":"https:\/\/www.cleverhorseclip.com\/de\/wp-json\/wp\/v2\/types\/page"}],"author":[{"embeddable":true,"href":"https:\/\/www.cleverhorseclip.com\/de\/wp-json\/wp\/v2\/users\/1"}],"replies":[{"embeddable":true,"href":"https:\/\/www.cleverhorseclip.com\/de\/wp-json\/wp\/v2\/comments?post=3393"}],"version-history":[{"count":14,"href":"https:\/\/www.cleverhorseclip.com\/de\/wp-json\/wp\/v2\/pages\/3393\/revisions"}],"predecessor-version":[{"id":101954,"href":"https:\/\/www.cleverhorseclip.com\/de\/wp-json\/wp\/v2\/pages\/3393\/revisions\/101954"}],"wp:attachment":[{"href":"https:\/\/www.cleverhorseclip.com\/de\/wp-json\/wp\/v2\/media?parent=3393"}],"curies":[{"name":"wp","href":"https:\/\/api.w.org\/{rel}","templated":true}]}}