{"id":90054,"date":"2021-03-30T12:34:24","date_gmt":"2021-03-30T10:34:24","guid":{"rendered":"https:\/\/undsgn.com\/uncode\/?page_id=90054"},"modified":"2022-10-25T09:09:57","modified_gmt":"2022-10-25T07:09:57","slug":"shop-beauty","status":"publish","type":"page","link":"https:\/\/www.cleverhorseclip.com\/de\/","title":{"rendered":"Clever Horse Clip &#8211; SHOP"},"content":{"rendered":"<div class=\"wpb-content-wrapper\"><p>[vc_row unlock_row_content=&#8220;yes&#8220; row_height_percent=&#8220;85&#8243; override_padding=&#8220;yes&#8220; h_padding=&#8220;0&#8243; top_padding=&#8220;3&#8243; bottom_padding=&#8220;3&#8243; back_color=&#8220;color-wayh&#8220; overlay_alpha=&#8220;50&#8243; gutter_size=&#8220;3&#8243; column_width_percent=&#8220;100&#8243; shift_y=&#8220;0&#8243; z_index=&#8220;0&#8243; front_end_with_slider=&#8220;true&#8220;][vc_column column_width_percent=&#8220;100&#8243; gutter_size=&#8220;3&#8243; style=&#8220;dark&#8220; overlay_alpha=&#8220;50&#8243; shift_x=&#8220;0&#8243; shift_y=&#8220;0&#8243; medium_width=&#8220;0&#8243; zoom_width=&#8220;0&#8243; zoom_height=&#8220;0&#8243; width=&#8220;1\/1&#8243;][uncode_slider slider_type=&#8220;fade&#8220; slider_interval=&#8220;5000&#8243; slider_navspeed=&#8220;1000&#8243; slider_loop=&#8220;yes&#8220;][vc_row_inner row_inner_height_percent=&#8220;0&#8243; back_color=&#8220;color-wayh&#8220; back_image=&#8220;102179&#8243; back_position=&#8220;center center&#8220; kburns=&#8220;yes&#8220; overlay_color=&#8220;color-wayh&#8220; overlay_alpha=&#8220;25&#8243; gutter_size=&#8220;3&#8243; shift_y=&#8220;0&#8243; z_index=&#8220;0&#8243; uncode_shortcode_id=&#8220;197336&#8243; back_color_type=&#8220;uncode-palette&#8220; overlay_color_type=&#8220;uncode-palette&#8220;][vc_column_inner column_width_percent=&#8220;100&#8243; position_vertical=&#8220;middle&#8220; align_horizontal=&#8220;align_center&#8220; gutter_size=&#8220;2&#8243; override_padding=&#8220;yes&#8220; column_padding=&#8220;2&#8243; style=&#8220;dark&#8220; overlay_alpha=&#8220;50&#8243; shift_x=&#8220;0&#8243; shift_y=&#8220;0&#8243; shift_y_down=&#8220;0&#8243; z_index=&#8220;0&#8243; medium_width=&#8220;0&#8243; align_mobile=&#8220;align_center_mobile&#8220; mobile_width=&#8220;0&#8243; width=&#8220;1\/1&#8243; uncode_shortcode_id=&#8220;126779&#8243;][vc_custom_heading heading_semantic=&#8220;h6&#8243; text_font=&#8220;font-613363&#8243; text_size=&#8220;fontsize-160000&#8243; text_weight=&#8220;400&#8243; text_transform=&#8220;uppercase&#8220; text_space=&#8220;fontspace-135905&#8243; uncode_shortcode_id=&#8220;168650&#8243;]Clever Horse Clip[\/vc_custom_heading][vc_custom_heading text_font=&#8220;font-165032&#8243; text_size=&#8220;fontsize-445851&#8243; text_weight=&#8220;400&#8243; text_space=&#8220;fontspace-781688&#8243; uncode_shortcode_id=&#8220;190716&#8243;]Das innovativste Verschlusssystem![\/vc_custom_heading][vc_button radius=&#8220;btn-circle&#8220; custom_typo=&#8220;yes&#8220; font_family=&#8220;font-613363&#8243; font_weight=&#8220;600&#8243; border_width=&#8220;0&#8243; uncode_shortcode_id=&#8220;947406&#8243; link=&#8220;url:https%3A%2F%2Fwww.cleverhorseclip.com%2Fde%2Fshop%2F|title:Shop&#8220;]Jetzt kaufen[\/vc_button][\/vc_column_inner][\/vc_row_inner][vc_row_inner row_inner_height_percent=&#8220;0&#8243; back_color=&#8220;color-wayh&#8220; back_image=&#8220;102181&#8243; back_position=&#8220;center center&#8220; kburns=&#8220;yes&#8220; overlay_color=&#8220;color-wayh&#8220; overlay_alpha=&#8220;25&#8243; gutter_size=&#8220;3&#8243; shift_y=&#8220;0&#8243; z_index=&#8220;0&#8243; uncode_shortcode_id=&#8220;124398&#8243; back_color_type=&#8220;uncode-palette&#8220; overlay_color_type=&#8220;uncode-palette&#8220;][vc_column_inner column_width_percent=&#8220;100&#8243; position_vertical=&#8220;middle&#8220; align_horizontal=&#8220;align_center&#8220; gutter_size=&#8220;2&#8243; override_padding=&#8220;yes&#8220; column_padding=&#8220;2&#8243; style=&#8220;dark&#8220; overlay_alpha=&#8220;50&#8243; shift_x=&#8220;0&#8243; shift_y=&#8220;0&#8243; shift_y_down=&#8220;0&#8243; z_index=&#8220;0&#8243; medium_width=&#8220;0&#8243; align_mobile=&#8220;align_center_mobile&#8220; mobile_width=&#8220;0&#8243; width=&#8220;1\/1&#8243; uncode_shortcode_id=&#8220;126779&#8243;][vc_custom_heading heading_semantic=&#8220;h6&#8243; text_font=&#8220;font-613363&#8243; text_size=&#8220;fontsize-160000&#8243; text_weight=&#8220;400&#8243; text_transform=&#8220;uppercase&#8220; text_space=&#8220;fontspace-135905&#8243; uncode_shortcode_id=&#8220;168650&#8243;]Clever Horse Clip[\/vc_custom_heading][vc_custom_heading text_font=&#8220;font-165032&#8243; text_size=&#8220;fontsize-445851&#8243; text_weight=&#8220;400&#8243; text_space=&#8220;fontspace-781688&#8243; uncode_shortcode_id=&#8220;190716&#8243;]Das innovativste Verschlusssystem![\/vc_custom_heading][vc_button radius=&#8220;btn-circle&#8220; custom_typo=&#8220;yes&#8220; font_family=&#8220;font-613363&#8243; font_weight=&#8220;600&#8243; border_width=&#8220;0&#8243; uncode_shortcode_id=&#8220;107835&#8243; link=&#8220;url:%23kaufen&#8220;]Jetzt kaufen[\/vc_button][\/vc_column_inner][\/vc_row_inner][vc_row_inner row_inner_height_percent=&#8220;0&#8243; back_color=&#8220;color-wayh&#8220; back_image=&#8220;102184&#8243; back_position=&#8220;center center&#8220; kburns=&#8220;yes&#8220; overlay_color=&#8220;color-wayh&#8220; overlay_alpha=&#8220;25&#8243; gutter_size=&#8220;3&#8243; shift_y=&#8220;0&#8243; z_index=&#8220;0&#8243; uncode_shortcode_id=&#8220;170967&#8243; back_color_type=&#8220;uncode-palette&#8220; overlay_color_type=&#8220;uncode-palette&#8220;][vc_column_inner column_width_percent=&#8220;100&#8243; position_vertical=&#8220;middle&#8220; align_horizontal=&#8220;align_center&#8220; gutter_size=&#8220;2&#8243; override_padding=&#8220;yes&#8220; column_padding=&#8220;2&#8243; style=&#8220;dark&#8220; overlay_alpha=&#8220;50&#8243; shift_x=&#8220;0&#8243; shift_y=&#8220;0&#8243; shift_y_down=&#8220;0&#8243; z_index=&#8220;0&#8243; medium_width=&#8220;0&#8243; align_mobile=&#8220;align_center_mobile&#8220; mobile_width=&#8220;0&#8243; width=&#8220;1\/1&#8243; uncode_shortcode_id=&#8220;126779&#8243;][vc_custom_heading heading_semantic=&#8220;h6&#8243; text_font=&#8220;font-613363&#8243; text_size=&#8220;fontsize-160000&#8243; text_weight=&#8220;400&#8243; text_transform=&#8220;uppercase&#8220; text_space=&#8220;fontspace-135905&#8243; uncode_shortcode_id=&#8220;168650&#8243;]Clever Horse Clip[\/vc_custom_heading][vc_custom_heading text_font=&#8220;font-165032&#8243; text_size=&#8220;fontsize-445851&#8243; text_weight=&#8220;400&#8243; text_space=&#8220;fontspace-781688&#8243; uncode_shortcode_id=&#8220;190716&#8243;]Das innovativste Verschlusssystem![\/vc_custom_heading][vc_button radius=&#8220;btn-circle&#8220; custom_typo=&#8220;yes&#8220; font_family=&#8220;font-613363&#8243; font_weight=&#8220;600&#8243; border_width=&#8220;0&#8243; uncode_shortcode_id=&#8220;198503&#8243; link=&#8220;url:%23kaufen&#8220;]Jetzt kaufen[\/vc_button][\/vc_column_inner][\/vc_row_inner][\/uncode_slider][\/vc_column][\/vc_row][vc_row unlock_row_content=&#8220;yes&#8220; row_height_percent=&#8220;0&#8243; override_padding=&#8220;yes&#8220; h_padding=&#8220;7&#8243; top_padding=&#8220;5&#8243; bottom_padding=&#8220;5&#8243; back_color=&#8220;color-lxmt&#8220; overlay_alpha=&#8220;50&#8243; equal_height=&#8220;yes&#8220; gutter_size=&#8220;0&#8243; column_width_percent=&#8220;100&#8243; shift_y=&#8220;0&#8243; z_index=&#8220;0&#8243; uncode_shortcode_id=&#8220;165157&#8243; back_color_type=&#8220;uncode-palette&#8220;][vc_column column_width_use_pixel=&#8220;yes&#8220; position_vertical=&#8220;middle&#8220; align_horizontal=&#8220;align_center&#8220; gutter_size=&#8220;3&#8243; overlay_alpha=&#8220;50&#8243; shift_x=&#8220;0&#8243; shift_y=&#8220;0&#8243; shift_y_down=&#8220;0&#8243; z_index=&#8220;0&#8243; medium_width=&#8220;0&#8243; mobile_width=&#8220;0&#8243; width=&#8220;1\/1&#8243; uncode_shortcode_id=&#8220;559253&#8243; column_width_pixel=&#8220;960&#8243;][vc_custom_heading text_font=&#8220;font-165032&#8243; text_size=&#8220;h1&#8243; text_weight=&#8220;400&#8243; text_height=&#8220;fontheight-357766&#8243; text_space=&#8220;fontspace-781688&#8243; uncode_shortcode_id=&#8220;113507&#8243; el_class=&#8220;smaller-heading&#8220;]Sie werden erstaunt sein, welche Vorteile Ihnen die Weltneuheit bietet. Und auch, was Sie Ihrem Pferd damit Gutes tun.<\/p>\n<p>Clever Horse Clip, das innovativste Verschlusssystem, welches Verletzungen im Hals- und Nackenbereich durch zu hohen Druck, sowie im R\u00fccken- und Hinterhandbereich durch zu gro\u00dfen R\u00fccksto\u00df, bei sich losrei\u00dfenden Pferden, dadurch vorbeugt, dass sich der Verschluss rechtzeitig \u2013 durch den Verbau cleverer Sollbruchstellen \u2013 selbstst\u00e4ndig \u00f6ffnet, noch bevor Halfter oder Strick rei\u00dfen.<\/p>\n<p>Die leichte Handhabung erm\u00f6glicht Ihnen das Festmachen mit nur einer Hand.<\/p>\n<p><strong> Ein Must-have f\u00fcr jeden Reiter!<\/strong>[\/vc_custom_heading][\/vc_column][\/vc_row][vc_row unlock_row_content=&#8220;yes&#8220; row_height_percent=&#8220;0&#8243; override_padding=&#8220;yes&#8220; h_padding=&#8220;7&#8243; top_padding=&#8220;5&#8243; bottom_padding=&#8220;5&#8243; overlay_alpha=&#8220;50&#8243; gutter_size=&#8220;4&#8243; column_width_percent=&#8220;100&#8243; shift_y=&#8220;0&#8243; z_index=&#8220;0&#8243; uncode_shortcode_id=&#8220;152321&#8243; row_name=&#8220;kaufen&#8220;][vc_column column_width_percent=&#8220;100&#8243; gutter_size=&#8220;2&#8243; overlay_alpha=&#8220;50&#8243; shift_x=&#8220;0&#8243; shift_y=&#8220;0&#8243; shift_y_down=&#8220;0&#8243; z_index=&#8220;0&#8243; medium_width=&#8220;0&#8243; mobile_width=&#8220;0&#8243; width=&#8220;1\/1&#8243;][vc_row_inner row_inner_height_percent=&#8220;0&#8243; overlay_alpha=&#8220;50&#8243; gutter_size=&#8220;4&#8243; shift_y=&#8220;0&#8243; z_index=&#8220;0&#8243; limit_content=&#8220;&#8220;][vc_column_inner column_width_percent=&#8220;100&#8243; gutter_size=&#8220;2&#8243; overlay_alpha=&#8220;50&#8243; shift_x=&#8220;0&#8243; shift_y=&#8220;0&#8243; shift_y_down=&#8220;0&#8243; z_index=&#8220;0&#8243; medium_width=&#8220;0&#8243; mobile_width=&#8220;0&#8243; width=&#8220;4\/12&#8243;][vc_custom_heading text_color=&#8220;color-wvjs&#8220; heading_semantic=&#8220;h6&#8243; text_font=&#8220;font-613363&#8243; text_size=&#8220;fontsize-160000&#8243; text_weight=&#8220;400&#8243; text_transform=&#8220;uppercase&#8220; text_space=&#8220;fontspace-135905&#8243; uncode_shortcode_id=&#8220;177816&#8243; text_color_type=&#8220;uncode-palette&#8220;]Clever Horse Clip[\/vc_custom_heading][vc_custom_heading heading_semantic=&#8220;h3&#8243; text_font=&#8220;font-165032&#8243; text_size=&#8220;fontsize-155944&#8243; text_weight=&#8220;400&#8243; text_space=&#8220;fontspace-781688&#8243; uncode_shortcode_id=&#8220;107019&#8243;]Jetzt kaufen[\/vc_custom_heading][vc_empty_space empty_h=&#8220;2&#8243; desktop_visibility=&#8220;yes&#8220;][\/vc_column_inner][vc_column_inner column_width_percent=&#8220;100&#8243; gutter_size=&#8220;3&#8243; overlay_alpha=&#8220;50&#8243; shift_x=&#8220;0&#8243; shift_y=&#8220;0&#8243; shift_y_down=&#8220;0&#8243; z_index=&#8220;0&#8243; medium_visibility=&#8220;yes&#8220; medium_width=&#8220;0&#8243; mobile_visibility=&#8220;yes&#8220; mobile_width=&#8220;0&#8243; width=&#8220;2\/12&#8243;][\/vc_column_inner][vc_column_inner column_width_percent=&#8220;100&#8243; gutter_size=&#8220;3&#8243; font_family=&#8220;font-613363&#8243; overlay_alpha=&#8220;50&#8243; shift_x=&#8220;0&#8243; shift_y=&#8220;0&#8243; shift_y_down=&#8220;0&#8243; z_index=&#8220;0&#8243; medium_width=&#8220;0&#8243; mobile_width=&#8220;0&#8243; width=&#8220;6\/12&#8243; uncode_shortcode_id=&#8220;140109&#8243;][vc_column_text uncode_shortcode_id=&#8220;291344&#8243;]Der Verschluss f\u00fcr das Wohl unserer Pferde &#8211; jetzt zum Vorteilspreis kaufen &#8211; ab 3 St\u00fcck versenden wir versandkostenfrei! Der Versand erfolgt innerhalb von 24 Stunden nach Bestelleingang![\/vc_column_text][\/vc_column_inner][\/vc_row_inner][vc_empty_space empty_h=&#8220;3&#8243;][uncode_index el_id=&#8220;index-101438&#8243; index_type=&#8220;carousel&#8220; loop=&#8220;size:3|order_by:date|post_type:product|taxonomy_count:10&#8243; carousel_lg=&#8220;3&#8243; carousel_md=&#8220;2&#8243; carousel_sm=&#8220;1&#8243; thumb_size=&#8220;four-five&#8220; gutter_size=&#8220;4&#8243; product_items=&#8220;title,media|featured|onpost|original|hide-sale|enhanced-atc|inherit-w-atc|atc-typo-column|show-atc,price|inline,quick-view-button,link|default|default_size|Mehr erfahren&#8220; carousel_interval=&#8220;3000&#8243; carousel_navspeed=&#8220;400&#8243; carousel_loop=&#8220;yes&#8220; carousel_dots_mobile=&#8220;yes&#8220; stage_padding=&#8220;0&#8243; single_overlay_opacity=&#8220;10&#8243; single_text_anim=&#8220;no&#8220; single_image_anim=&#8220;no&#8220; single_h_align=&#8220;center&#8220; single_padding=&#8220;1&#8243; single_title_family=&#8220;font-613363&#8243; single_title_dimension=&#8220;h6&#8243; single_title_weight=&#8220;500&#8243; single_border=&#8220;yes&#8220; uncode_shortcode_id=&#8220;147729&#8243;][\/vc_column][\/vc_row][vc_row unlock_row_content=&#8220;yes&#8220; row_height_percent=&#8220;0&#8243; override_padding=&#8220;yes&#8220; h_padding=&#8220;7&#8243; top_padding=&#8220;5&#8243; bottom_padding=&#8220;5&#8243; overlay_alpha=&#8220;50&#8243; gutter_size=&#8220;3&#8243; column_width_percent=&#8220;100&#8243; shift_y=&#8220;0&#8243; z_index=&#8220;0&#8243; uncode_shortcode_id=&#8220;172405&#8243;][vc_column column_width_percent=&#8220;100&#8243; align_horizontal=&#8220;align_center&#8220; gutter_size=&#8220;4&#8243; overlay_alpha=&#8220;50&#8243; shift_x=&#8220;0&#8243; shift_y=&#8220;0&#8243; shift_y_down=&#8220;0&#8243; z_index=&#8220;0&#8243; medium_width=&#8220;0&#8243; mobile_width=&#8220;0&#8243; width=&#8220;1\/1&#8243;][vc_custom_heading text_font=&#8220;font-165032&#8243; text_size=&#8220;fontsize-155944&#8243; text_weight=&#8220;400&#8243; text_space=&#8220;fontspace-781688&#8243; uncode_shortcode_id=&#8220;674775&#8243;]Die Anwendung. Die Vorteile! Auf einen Blick![\/vc_custom_heading][vc_row_inner limit_content=&#8220;&#8220;][vc_column_inner column_width_percent=&#8220;100&#8243; align_horizontal=&#8220;align_center&#8220; gutter_size=&#8220;3&#8243; style=&#8220;dark&#8220; back_image=&#8220;101519&#8243; overlay_alpha=&#8220;50&#8243; shift_x=&#8220;0&#8243; shift_y=&#8220;0&#8243; shift_y_down=&#8220;0&#8243; z_index=&#8220;0&#8243; medium_width=&#8220;0&#8243; mobile_width=&#8220;0&#8243; width=&#8220;1\/1&#8243; uncode_shortcode_id=&#8220;434921&#8243; css=&#8220;.vc_custom_1638263325352{padding-top: 300px !important;padding-bottom: 300px !important;}&#8220;][vc_icon display=&#8220;absolute-center&#8220; icon=&#8220;fa fa-play&#8220; background_style=&#8220;fa-rounded&#8220; size=&#8220;fa-2x&#8220; icon_automatic=&#8220;yes&#8220; uncode_shortcode_id=&#8220;668506&#8243; media_lightbox=&#8220;101519&#8243;][\/vc_icon][\/vc_column_inner][\/vc_row_inner][\/vc_column][\/vc_row][vc_row unlock_row_content=&#8220;yes&#8220; row_height_percent=&#8220;0&#8243; override_padding=&#8220;yes&#8220; h_padding=&#8220;7&#8243; top_padding=&#8220;4&#8243; bottom_padding=&#8220;4&#8243; back_color=&#8220;color-194753&#8243; overlay_alpha=&#8220;50&#8243; gutter_size=&#8220;4&#8243; column_width_percent=&#8220;100&#8243; shift_y=&#8220;0&#8243; z_index=&#8220;0&#8243; uncode_shortcode_id=&#8220;891138&#8243; back_color_type=&#8220;uncode-palette&#8220;][vc_column column_width_percent=&#8220;100&#8243; gutter_size=&#8220;3&#8243; style=&#8220;dark&#8220; font_family=&#8220;font-613363&#8243; overlay_alpha=&#8220;50&#8243; shift_x=&#8220;0&#8243; shift_y=&#8220;0&#8243; shift_y_down=&#8220;0&#8243; z_index=&#8220;0&#8243; medium_width=&#8220;0&#8243; mobile_width=&#8220;0&#8243; width=&#8220;1\/4&#8243; uncode_shortcode_id=&#8220;116681&#8243;][vc_icon position=&#8220;left&#8220; icon=&#8220;fa fa-road&#8220; size=&#8220;fa-2x&#8220; text_font=&#8220;font-165032&#8243; text_weight=&#8220;400&#8243; text_space=&#8220;fontspace-781688&#8243; add_margin=&#8220;yes&#8220; text_lead=&#8220;small&#8220; title=&#8220;Made in Austria&#8220; uncode_shortcode_id=&#8220;443723&#8243;]Kurze Transportwege &#8211; Produktion und Vertrieb innerhalb von 20 km.[\/vc_icon][\/vc_column][vc_column column_width_percent=&#8220;100&#8243; gutter_size=&#8220;3&#8243; style=&#8220;dark&#8220; font_family=&#8220;font-613363&#8243; overlay_alpha=&#8220;50&#8243; shift_x=&#8220;0&#8243; shift_y=&#8220;0&#8243; shift_y_down=&#8220;0&#8243; z_index=&#8220;0&#8243; medium_width=&#8220;0&#8243; mobile_width=&#8220;0&#8243; width=&#8220;1\/4&#8243; uncode_shortcode_id=&#8220;136032&#8243;][vc_icon position=&#8220;left&#8220; icon=&#8220;fa fa-recycle&#8220; size=&#8220;fa-2x&#8220; text_font=&#8220;font-165032&#8243; text_weight=&#8220;400&#8243; text_space=&#8220;fontspace-781688&#8243; add_margin=&#8220;yes&#8220; text_lead=&#8220;small&#8220; title=&#8220;Recycelbarer Kunststoff&#8220; uncode_shortcode_id=&#8220;719975&#8243;]Wir setzen auf Nachhaltigkeit und verarbeiten ausschlie\u00dflich wiederverwertbare Materialien![\/vc_icon][\/vc_column][vc_column column_width_percent=&#8220;100&#8243; gutter_size=&#8220;3&#8243; style=&#8220;dark&#8220; font_family=&#8220;font-613363&#8243; overlay_alpha=&#8220;50&#8243; shift_x=&#8220;0&#8243; shift_y=&#8220;0&#8243; shift_y_down=&#8220;0&#8243; z_index=&#8220;0&#8243; medium_width=&#8220;0&#8243; mobile_width=&#8220;0&#8243; width=&#8220;1\/4&#8243; uncode_shortcode_id=&#8220;145441&#8243;][vc_icon position=&#8220;left&#8220; icon=&#8220;fa fa-envira&#8220; size=&#8220;fa-2x&#8220; text_font=&#8220;font-165032&#8243; text_weight=&#8220;400&#8243; text_space=&#8220;fontspace-781688&#8243; add_margin=&#8220;yes&#8220; text_lead=&#8220;small&#8220; title=&#8220;CO2-Fu\u00dfabdruck&#8220; uncode_shortcode_id=&#8220;197217&#8243;]Unsere Produkte punkten durch eine klimaneutrale Herstellung.[\/vc_icon][\/vc_column][vc_column column_width_percent=&#8220;100&#8243; gutter_size=&#8220;3&#8243; style=&#8220;dark&#8220; font_family=&#8220;font-613363&#8243; overlay_alpha=&#8220;50&#8243; shift_x=&#8220;0&#8243; shift_y=&#8220;0&#8243; shift_y_down=&#8220;0&#8243; z_index=&#8220;0&#8243; medium_width=&#8220;0&#8243; mobile_width=&#8220;0&#8243; width=&#8220;1\/4&#8243; uncode_shortcode_id=&#8220;706700&#8243;][vc_icon position=&#8220;left&#8220; icon=&#8220;fa fa-strategy&#8220; size=&#8220;fa-2x&#8220; text_font=&#8220;font-165032&#8243; text_weight=&#8220;400&#8243; text_space=&#8220;fontspace-781688&#8243; add_margin=&#8220;yes&#8220; text_lead=&#8220;small&#8220; title=&#8220;Funktion&#8220; uncode_shortcode_id=&#8220;153998&#8243;]Nachdem der Clip am Halfter befestigt wurde, wird der rote Sicherheitsb\u00fcgel nach vorne geschoben. Dadurch ist die Achse blockiert und ein ungewolltes \u00d6ffnen ist nicht mehr m\u00f6glich.[\/vc_icon][\/vc_column][\/vc_row]<\/p>\n<\/div>","protected":false},"excerpt":{"rendered":"<p>[vc_row unlock_row_content=&#8220;yes&#8220; row_height_percent=&#8220;85&#8243; override_padding=&#8220;yes&#8220; h_padding=&#8220;0&#8243; top_padding=&#8220;3&#8243; bottom_padding=&#8220;3&#8243; back_color=&#8220;color-wayh&#8220; overlay_alpha=&#8220;50&#8243; gutter_size=&#8220;3&#8243; column_width_percent=&#8220;100&#8243; shift_y=&#8220;0&#8243; z_index=&#8220;0&#8243; front_end_with_slider=&#8220;true&#8220;][vc_column column_width_percent=&#8220;100&#8243; gutter_size=&#8220;3&#8243; style=&#8220;dark&#8220; overlay_alpha=&#8220;50&#8243; shift_x=&#8220;0&#8243; shift_y=&#8220;0&#8243; [&hellip;]<\/p>\n","protected":false},"author":1,"featured_media":0,"parent":0,"menu_order":0,"comment_status":"closed","ping_status":"closed","template":"","meta":{"footnotes":""},"class_list":["post-90054","page","type-page","status-publish","hentry","page_category-demo-shop"],"_links":{"self":[{"href":"https:\/\/www.cleverhorseclip.com\/de\/wp-json\/wp\/v2\/pages\/90054","targetHints":{"allow":["GET"]}}],"collection":[{"href":"https:\/\/www.cleverhorseclip.com\/de\/wp-json\/wp\/v2\/pages"}],"about":[{"href":"https:\/\/www.cleverhorseclip.com\/de\/wp-json\/wp\/v2\/types\/page"}],"author":[{"embeddable":true,"href":"https:\/\/www.cleverhorseclip.com\/de\/wp-json\/wp\/v2\/users\/1"}],"replies":[{"embeddable":true,"href":"https:\/\/www.cleverhorseclip.com\/de\/wp-json\/wp\/v2\/comments?post=90054"}],"version-history":[{"count":70,"href":"https:\/\/www.cleverhorseclip.com\/de\/wp-json\/wp\/v2\/pages\/90054\/revisions"}],"predecessor-version":[{"id":102201,"href":"https:\/\/www.cleverhorseclip.com\/de\/wp-json\/wp\/v2\/pages\/90054\/revisions\/102201"}],"wp:attachment":[{"href":"https:\/\/www.cleverhorseclip.com\/de\/wp-json\/wp\/v2\/media?parent=90054"}],"curies":[{"name":"wp","href":"https:\/\/api.w.org\/{rel}","templated":true}]}}