{"id":18907,"date":"2017-02-17T15:00:45","date_gmt":"2017-02-17T14:00:45","guid":{"rendered":"https:\/\/undsgn.com\/uncode\/?post_type=product&#038;p=18907"},"modified":"2022-03-17T09:46:38","modified_gmt":"2022-03-17T08:46:38","slug":"chc-blau","status":"publish","type":"product","link":"https:\/\/www.cleverhorseclip.com\/de\/produkt\/chc-blau\/","title":{"rendered":"CHC &#8211; blauer Strick"},"content":{"rendered":"<p>Der Clever Horse Clip ist so konstruiert, dass sich der Verschluss durch Sollbruchstellen rechtzeitig vom Halfter l\u00f6st noch bevor dieser rei\u00dft, wodurch die einwirkenden Kr\u00e4fte auf das Pferd entsprechend minimiert werden. Das dient der Vorbeugung von m\u00f6glichen Verletzungen durch zu hohe Krafteinwirkung auf den Hals- und Nackenbereich &#8211; oder mit einem R\u00fccksto\u00df verbundenen Verletzungen im R\u00fccken- und Hinterhandbereich.<\/p>\n","protected":false},"excerpt":{"rendered":"<p>CHC &#8211; der revolution\u00e4re Verschluss f\u00fcr Ihr Pferd. Entwickelt und produziert in \u00d6sterreich.<\/p>\n","protected":false},"featured_media":102100,"template":"","meta":[],"product_brand":[],"product_cat":[141],"product_tag":[136,137,139],"class_list":{"0":"post-18907","1":"product","2":"type-product","3":"status-publish","4":"has-post-thumbnail","6":"product_cat-clip-mit-strick-stricklaenge-190-cm","7":"product_tag-clip","8":"product_tag-verschlusssystem","9":"product_tag-blauer-strick","11":"first","12":"instock","13":"taxable","14":"shipping-taxable","15":"purchasable","16":"product-type-simple"},"_links":{"self":[{"href":"https:\/\/www.cleverhorseclip.com\/de\/wp-json\/wp\/v2\/product\/18907","targetHints":{"allow":["GET"]}}],"collection":[{"href":"https:\/\/www.cleverhorseclip.com\/de\/wp-json\/wp\/v2\/product"}],"about":[{"href":"https:\/\/www.cleverhorseclip.com\/de\/wp-json\/wp\/v2\/types\/product"}],"wp:featuredmedia":[{"embeddable":true,"href":"https:\/\/www.cleverhorseclip.com\/de\/wp-json\/wp\/v2\/media\/102100"}],"wp:attachment":[{"href":"https:\/\/www.cleverhorseclip.com\/de\/wp-json\/wp\/v2\/media?parent=18907"}],"wp:term":[{"taxonomy":"product_brand","embeddable":true,"href":"https:\/\/www.cleverhorseclip.com\/de\/wp-json\/wp\/v2\/product_brand?post=18907"},{"taxonomy":"product_cat","embeddable":true,"href":"https:\/\/www.cleverhorseclip.com\/de\/wp-json\/wp\/v2\/product_cat?post=18907"},{"taxonomy":"product_tag","embeddable":true,"href":"https:\/\/www.cleverhorseclip.com\/de\/wp-json\/wp\/v2\/product_tag?post=18907"}],"curies":[{"name":"wp","href":"https:\/\/api.w.org\/{rel}","templated":true}]}}