{"id":101908,"date":"2017-02-16T15:01:48","date_gmt":"2021-12-06T12:56:44","guid":{"rendered":"https:\/\/www.cleverhorseclip.com\/produkt\/chc-graue-leine\/"},"modified":"2022-03-17T10:14:07","modified_gmt":"2022-03-17T09:14:07","slug":"chc-grey","status":"publish","type":"product","link":"https:\/\/www.cleverhorseclip.com\/en\/product\/chc-grey\/","title":{"rendered":"CHC &#8211; grey lead"},"content":{"rendered":"<p>Die Konstruktion des Clever Horse Clips ist darauf ausgelegt, dass sich das Verschlusssystem selbstst\u00e4ndig vom Pferd l\u00f6st, sobald die Belastung auf das Pferd zu hoch wird. Bei den g\u00e4ngigen Verschlusssystemen rei\u00dfen bei zu hoher Krafteinwirkung Halfter oder Strick, was in den meisten F\u00e4llen zu gr\u00f6\u00dferen Verletzungen im Hals- oder Nackenbereich f\u00fchrt, allenfalls auch in den Hand- oder R\u00fcckenbereich durch den R\u00fccksto\u00df.<\/p>\n","protected":false},"excerpt":{"rendered":"<p>Das innovativste Verschlusssystem, welches am Markt erh\u00e4ltlich ist<\/p>\n<p>&nbsp;<\/p>\n","protected":false},"featured_media":102106,"template":"","meta":[],"product_brand":[],"product_cat":[161],"product_tag":[163,164,165],"class_list":{"0":"post-101908","1":"product","2":"type-product","3":"status-publish","4":"has-post-thumbnail","6":"product_cat-clip-with-lead-lead-length-190-cm","7":"product_tag-clip-en","8":"product_tag-grey-lead","9":"product_tag-locking-system","11":"first","12":"instock","13":"featured","14":"taxable","15":"shipping-taxable","16":"purchasable","17":"product-type-simple"},"_links":{"self":[{"href":"https:\/\/www.cleverhorseclip.com\/en\/wp-json\/wp\/v2\/product\/101908","targetHints":{"allow":["GET"]}}],"collection":[{"href":"https:\/\/www.cleverhorseclip.com\/en\/wp-json\/wp\/v2\/product"}],"about":[{"href":"https:\/\/www.cleverhorseclip.com\/en\/wp-json\/wp\/v2\/types\/product"}],"wp:featuredmedia":[{"embeddable":true,"href":"https:\/\/www.cleverhorseclip.com\/en\/wp-json\/wp\/v2\/media\/102106"}],"wp:attachment":[{"href":"https:\/\/www.cleverhorseclip.com\/en\/wp-json\/wp\/v2\/media?parent=101908"}],"wp:term":[{"taxonomy":"product_brand","embeddable":true,"href":"https:\/\/www.cleverhorseclip.com\/en\/wp-json\/wp\/v2\/product_brand?post=101908"},{"taxonomy":"product_cat","embeddable":true,"href":"https:\/\/www.cleverhorseclip.com\/en\/wp-json\/wp\/v2\/product_cat?post=101908"},{"taxonomy":"product_tag","embeddable":true,"href":"https:\/\/www.cleverhorseclip.com\/en\/wp-json\/wp\/v2\/product_tag?post=101908"}],"curies":[{"name":"wp","href":"https:\/\/api.w.org\/{rel}","templated":true}]}}